{"id":482,"date":"2024-10-23T18:00:45","date_gmt":"2024-10-23T18:00:45","guid":{"rendered":"https:\/\/www.elainfysionen.fi\/?page_id=482"},"modified":"2024-10-23T18:00:45","modified_gmt":"2024-10-23T18:00:45","slug":"ilmoittautumisehdot","status":"publish","type":"page","link":"https:\/\/www.elainfysionen.fi\/index.php\/ilmoittautumisehdot\/","title":{"rendered":"Ilmoittautumisehdot"},"content":{"rendered":"\n<p class=\"has-small-font-size\" style=\"line-height:1.1\"><strong>Ilmoittautumisehdot kursseille:<\/strong><\/p>\n\n\n\n<p class=\"has-small-font-size\" style=\"line-height:1.1\"><strong>1. Ilmoittautuminen<\/strong><\/p>\n\n\n\n<p class=\"has-small-font-size\" style=\"line-height:1.1\">Ilmoittautuminen kurssille tapahtuu t\u00e4ytt\u00e4m\u00e4ll\u00e4 lomake. Ilmoittautuminen on sitova. Osallistujan tulee antaa oikeat ja ajantasaiset tiedot. Ilmoittautumisen yhteydess\u00e4 hyv\u00e4ksyt\u00e4\u00e4n n\u00e4m\u00e4 ohjeet.&nbsp;<\/p>\n\n\n\n<p class=\"has-small-font-size\" style=\"line-height:1.1\"><strong>2. Maksaminen<\/strong><\/p>\n\n\n\n<p class=\"has-small-font-size\" style=\"line-height:1.1\">Ilmoittautumisen j\u00e4lkeen tulee s\u00e4hk\u00f6postiin lasku. Kurssimaksu tulee suorittaa er\u00e4p\u00e4iv\u00e4\u00e4n menness\u00e4. Maksusuoritus on edellytys kurssille osallistumiselle.<\/p>\n\n\n\n<p class=\"has-small-font-size\" style=\"line-height:1.1\"><strong>3. Peruutusoikeus<\/strong><\/p>\n\n\n\n<p class=\"has-small-font-size\" style=\"line-height:1.1\">Ilmoittautuminen on sitova, harrastuskursseilla ei ole vaihto- eik\u00e4 palautusoikeutta.<\/p>\n\n\n\n<p class=\"has-small-font-size\" style=\"line-height:1.1\"><strong>4. Muutokset ja peruutukset j\u00e4rjest\u00e4j\u00e4n puolesta<\/strong><\/p>\n\n\n\n<p class=\"has-small-font-size\" style=\"line-height:1.1\">J\u00e4rjest\u00e4j\u00e4 pid\u00e4tt\u00e4\u00e4 oikeuden vaihtaa kurssin vet\u00e4j\u00e4\u00e4 ja tehd\u00e4 tarvittaessa muutoksia aikatauluihin. J\u00e4rjest\u00e4j\u00e4ll\u00e4 on oikeus peruuttaa tai siirt\u00e4\u00e4 kurssi ennalta ilmoittamattomista syist\u00e4 (esim. sairastumisen, liian pienen osallistujam\u00e4\u00e4r\u00e4n tai Force Majeure -tilanteiden vuoksi). T\u00e4ll\u00f6in osallistujille tarjotaan vaihtoehtoisia ajankohtia tai t\u00e4ysi palautus kurssimaksusta.<\/p>\n\n\n\n<p class=\"has-small-font-size\" style=\"line-height:1.1\"><strong>5. Osallistujan vastuulla<\/strong><\/p>\n\n\n\n<p class=\"has-small-font-size\" style=\"line-height:1.1\">Osallistuja vastaa itse omasta ja koiransa terveydest\u00e4 ja turvallisuudesta sek\u00e4 vastaa mahdollisesti aiheuttamistaan vahingoista itse. Kurssille osallistutaan omalla vastuulla eik\u00e4 kurssilaisia ole vakuutettu j\u00e4rjest\u00e4j\u00e4n toimesta.<\/p>\n\n\n\n<p class=\"has-small-font-size\" style=\"line-height:1.1\"><strong>6. Hyv\u00e4ksyminen<\/strong><\/p>\n\n\n\n<p class=\"has-small-font-size\" style=\"line-height:1.1\">Ilmoittautumisen yhteydess\u00e4 osallistuja hyv\u00e4ksyy n\u00e4m\u00e4 ehdot. Ehtojen hyv\u00e4ksyminen on v\u00e4ltt\u00e4m\u00e4t\u00f6nt\u00e4 osallistumisen kannalta.<\/p>\n\n\n\n<p class=\"has-small-font-size\" style=\"line-height:1.1\">Kurssikohtaiset ohjeet saat erikseen s\u00e4hk\u00f6postiin. Kurssien tallentaminen omille laitteille on ehdottomasti kielletty.<\/p>\n\n\n\n<p class=\"has-small-font-size\" style=\"line-height:1.1\"><strong>Yhteystiedot<\/strong><\/p>\n\n\n\n<p class=\"has-small-font-size\" style=\"line-height:1.1\">Jos tarvitset lis\u00e4tietoja ota yhteytt\u00e4 <a href=\"mailto:elainfysionen@gmail.com\">elainfysionen@gmail.com<\/a><\/p>\n\n\n\n<p class=\"has-small-font-size\" style=\"line-height:1.1\">El\u00e4infysionen&nbsp;<\/p>\n\n\n\n<p class=\"has-small-font-size\" style=\"line-height:1.1\">Y-3421488-3<\/p>\n\n\n\n<p class=\"has-small-font-size\" style=\"line-height:1.1\"><\/p>\n\n\n\n<p><\/p>\n","protected":false},"excerpt":{"rendered":"<p>Ilmoittautumisehdot kursseille: 1. Ilmoittautuminen Ilmoittautuminen kurssille tapahtuu t\u00e4ytt\u00e4m\u00e4ll\u00e4 lomake. Ilmoittautuminen on sitova. Osallistujan tulee antaa oikeat ja ajantasaiset tiedot. Ilmoittautumisen yhteydess\u00e4 hyv\u00e4ksyt\u00e4\u00e4n n\u00e4m\u00e4 ohjeet.&nbsp; 2. Maksaminen Ilmoittautumisen j\u00e4lkeen tulee s\u00e4hk\u00f6postiin lasku. Kurssimaksu tulee suorittaa er\u00e4p\u00e4iv\u00e4\u00e4n menness\u00e4. Maksusuoritus on edellytys kurssille osallistumiselle. 3. Peruutusoikeus Ilmoittautuminen on sitova, harrastuskursseilla ei ole vaihto- eik\u00e4 palautusoikeutta. 4. Muutokset ja [&hellip;]<\/p>\n","protected":false},"author":1,"featured_media":0,"parent":0,"menu_order":0,"comment_status":"closed","ping_status":"closed","template":"","meta":{"footnotes":""},"class_list":["post-482","page","type-page","status-publish","hentry"],"_links":{"self":[{"href":"https:\/\/www.elainfysionen.fi\/index.php\/wp-json\/wp\/v2\/pages\/482","targetHints":{"allow":["GET"]}}],"collection":[{"href":"https:\/\/www.elainfysionen.fi\/index.php\/wp-json\/wp\/v2\/pages"}],"about":[{"href":"https:\/\/www.elainfysionen.fi\/index.php\/wp-json\/wp\/v2\/types\/page"}],"author":[{"embeddable":true,"href":"https:\/\/www.elainfysionen.fi\/index.php\/wp-json\/wp\/v2\/users\/1"}],"replies":[{"embeddable":true,"href":"https:\/\/www.elainfysionen.fi\/index.php\/wp-json\/wp\/v2\/comments?post=482"}],"version-history":[{"count":3,"href":"https:\/\/www.elainfysionen.fi\/index.php\/wp-json\/wp\/v2\/pages\/482\/revisions"}],"predecessor-version":[{"id":495,"href":"https:\/\/www.elainfysionen.fi\/index.php\/wp-json\/wp\/v2\/pages\/482\/revisions\/495"}],"wp:attachment":[{"href":"https:\/\/www.elainfysionen.fi\/index.php\/wp-json\/wp\/v2\/media?parent=482"}],"curies":[{"name":"wp","href":"https:\/\/api.w.org\/{rel}","templated":true}]}}