{"id":49,"date":"2024-04-21T15:16:51","date_gmt":"2024-04-21T15:16:51","guid":{"rendered":"http:\/\/www.elainfysionen.fi\/?page_id=49"},"modified":"2025-05-19T13:29:02","modified_gmt":"2025-05-19T13:29:02","slug":"yhteystiedot","status":"publish","type":"page","link":"https:\/\/www.elainfysionen.fi\/index.php\/yhteystiedot\/","title":{"rendered":"Yhteystiedot"},"content":{"rendered":"\n<div class=\"wp-block-columns is-layout-flex wp-container-core-columns-is-layout-28f84493 wp-block-columns-is-layout-flex\">\n<div class=\"wp-block-column is-layout-flow wp-block-column-is-layout-flow\" style=\"flex-basis:33.33%\">\n<figure class=\"wp-block-image size-large\"><img loading=\"lazy\" decoding=\"async\" width=\"1024\" height=\"1024\" src=\"https:\/\/www.elainfysionen.fi\/wp-content\/uploads\/2024\/04\/ka1-1024x1024.jpg\" alt=\"\" class=\"wp-image-204\" srcset=\"https:\/\/www.elainfysionen.fi\/wp-content\/uploads\/2024\/04\/ka1-1024x1024.jpg 1024w, https:\/\/www.elainfysionen.fi\/wp-content\/uploads\/2024\/04\/ka1-300x300.jpg 300w, https:\/\/www.elainfysionen.fi\/wp-content\/uploads\/2024\/04\/ka1-150x150.jpg 150w, https:\/\/www.elainfysionen.fi\/wp-content\/uploads\/2024\/04\/ka1-768x769.jpg 768w, https:\/\/www.elainfysionen.fi\/wp-content\/uploads\/2024\/04\/ka1-1534x1536.jpg 1534w, https:\/\/www.elainfysionen.fi\/wp-content\/uploads\/2024\/04\/ka1.jpg 1784w\" sizes=\"auto, (max-width: 1024px) 100vw, 1024px\" \/><\/figure>\n<\/div>\n\n\n\n<div class=\"wp-block-column is-layout-flow wp-block-column-is-layout-flow\" style=\"flex-basis:66.66%\">\n<h2 class=\"wp-block-heading has-text-color has-link-color wp-elements-c82d735e90f7f0c8dabfbb7ad953bc7d\" style=\"color:#d3881e\">Yhteystiedot<\/h2>\n\n\n\n<p>Kotivastaanottoni sijaitsee L\u00e4nsi-Vantaalla Varistossa osoitteessa Aitanavain 4, 01660 Vantaa.<\/p>\n\n\n\n<p>Saat tarkemmat saapumisohjeet ajanvarauksen yhteydess\u00e4.<\/p>\n\n\n\n<p>Ajan vastaanotolle voit varata nettiajanvarauksen kautta. Mik\u00e4li sopivaa aikaa ei l\u00f6ydy, voit ehdottaa sellaista s\u00e4hk\u00f6postitse. Koti- ja tallik\u00e4yntien ajanvaraus vain s\u00e4hk\u00f6postitse. Ota yhteytt\u00e4 elainfysionen@gmail.com<\/p>\n\n\n\n<p><a href=\"https:\/\/ketunkullanhyvinvointi.fi\/index.php\/ajanvaraus\/\" target=\"_blank\" rel=\"noreferrer noopener\">Ketunkullan Hyvinvoinnin<\/a> vastaanotolle ajanvaraus heid\u00e4n sivujensa kautta.<\/p>\n<\/div>\n<\/div>\n\n\n\n<div class=\"wp-block-columns is-layout-flex wp-container-core-columns-is-layout-28f84493 wp-block-columns-is-layout-flex\">\n<div class=\"wp-block-column is-layout-flow wp-block-column-is-layout-flow\" style=\"flex-basis:66.66%\">\n<p style=\"margin-top:var(--wp--preset--spacing--20)\">Vastaanotolleni tullessa saat auton parkkiin kadunvarteen, muistathan parkkikiekon. Vastaanotto sijaitsee taloyhti\u00f6n keskell\u00e4. Olethan yst\u00e4v\u00e4llinen, etk\u00e4 anna lemmikkisi tehd\u00e4 tarpeita taloyhti\u00f6n alueelle.<\/p>\n\n\n\n<h2 class=\"wp-block-heading has-text-color has-link-color wp-elements-0bc0d04eb892c31ce23fbb1cec452827\" style=\"color:#d3881e\">Julkisilla<\/h2>\n\n\n\n<p>Vastaanotolle p\u00e4\u00e4see k\u00e4tev\u00e4sti my\u00f6s julkisilla. Louhelan ja Myyrm\u00e4en juna-asemalta runkolinja 300 tuo sinut 500 m k\u00e4velymatkan p\u00e4\u00e4h\u00e4n. Lis\u00e4ksi l\u00e4hist\u00f6lle kulkee my\u00f6s muita busseja. Katso HSL reittioppaasta k\u00e4tevin tapa saapua julkisilla.<\/p>\n<\/div>\n\n\n\n<div class=\"wp-block-column is-layout-flow wp-block-column-is-layout-flow\" style=\"flex-basis:33.33%\"><p><iframe src=\"https:\/\/www.google.com\/maps\/embed?pb=!1m18!1m12!1m3!1d1978.5532419123053!2d24.820702177014393!3d60.270846475083935!2m3!1f0!2f0!3f0!3m2!1i1024!2i768!4f13.1!3m3!1m2!1s0x468df767e5557755%3A0x9556b7403bf2a62a!2sEl%C3%A4infysionen!5e0!3m2!1sfi!2sfi!4v1727602153019!5m2!1sfi!2sfi\" width=\"400\" height=\"300\" style=\"border:0;\" allowfullscreen=\"\" loading=\"lazy\" referrerpolicy=\"no-referrer-when-downgrade\"><\/iframe><\/p>\n<\/div>\n<\/div>\n\n\n\n<div class=\"wp-block-columns is-layout-flex wp-container-core-columns-is-layout-28f84493 wp-block-columns-is-layout-flex\">\n<div class=\"wp-block-column is-layout-flow wp-block-column-is-layout-flow\" style=\"flex-basis:66.66%\"><p><iframe loading=\"lazy\" width=\"320\" height=\"250\" style=\"border-radius: 10px;\" src=\"https:\/\/reittiopas.hsl.fi\/haku?&#038;lang=fi&#038;address2=Aitanavain 4, Vantaa&#038;lon2=24.823613&#038;lat2=60.271946\" title=\"Digitransit UI embedded search\" scrolling=\"no\"><\/iframe><\/p>\n<\/div>\n\n\n\n<div class=\"wp-block-column is-layout-flow wp-block-column-is-layout-flow\" style=\"flex-basis:33.33%\"><\/div>\n<\/div>\n","protected":false},"excerpt":{"rendered":"<p>Yhteystiedot Kotivastaanottoni sijaitsee L\u00e4nsi-Vantaalla Varistossa osoitteessa Aitanavain 4, 01660 Vantaa. Saat tarkemmat saapumisohjeet ajanvarauksen yhteydess\u00e4. Ajan vastaanotolle voit varata nettiajanvarauksen kautta. Mik\u00e4li sopivaa aikaa ei l\u00f6ydy, voit ehdottaa sellaista s\u00e4hk\u00f6postitse. Koti- ja tallik\u00e4yntien ajanvaraus vain s\u00e4hk\u00f6postitse. Ota yhteytt\u00e4 elainfysionen@gmail.com Ketunkullan Hyvinvoinnin vastaanotolle ajanvaraus heid\u00e4n sivujensa kautta. Vastaanotolleni tullessa saat auton parkkiin kadunvarteen, muistathan parkkikiekon. Vastaanotto [&hellip;]<\/p>\n","protected":false},"author":1,"featured_media":0,"parent":0,"menu_order":0,"comment_status":"closed","ping_status":"closed","template":"","meta":{"footnotes":""},"class_list":["post-49","page","type-page","status-publish","hentry"],"_links":{"self":[{"href":"https:\/\/www.elainfysionen.fi\/index.php\/wp-json\/wp\/v2\/pages\/49","targetHints":{"allow":["GET"]}}],"collection":[{"href":"https:\/\/www.elainfysionen.fi\/index.php\/wp-json\/wp\/v2\/pages"}],"about":[{"href":"https:\/\/www.elainfysionen.fi\/index.php\/wp-json\/wp\/v2\/types\/page"}],"author":[{"embeddable":true,"href":"https:\/\/www.elainfysionen.fi\/index.php\/wp-json\/wp\/v2\/users\/1"}],"replies":[{"embeddable":true,"href":"https:\/\/www.elainfysionen.fi\/index.php\/wp-json\/wp\/v2\/comments?post=49"}],"version-history":[{"count":58,"href":"https:\/\/www.elainfysionen.fi\/index.php\/wp-json\/wp\/v2\/pages\/49\/revisions"}],"predecessor-version":[{"id":536,"href":"https:\/\/www.elainfysionen.fi\/index.php\/wp-json\/wp\/v2\/pages\/49\/revisions\/536"}],"wp:attachment":[{"href":"https:\/\/www.elainfysionen.fi\/index.php\/wp-json\/wp\/v2\/media?parent=49"}],"curies":[{"name":"wp","href":"https:\/\/api.w.org\/{rel}","templated":true}]}}